{"id":5840,"date":"2024-07-26T12:47:33","date_gmt":"2024-07-26T09:47:33","guid":{"rendered":"https:\/\/tsenter.ee\/?page_id=5840"},"modified":"2024-11-15T17:53:08","modified_gmt":"2024-11-15T14:53:08","slug":"services-2","status":"publish","type":"page","link":"https:\/\/tsenter.ee\/en\/services\/services-2\/","title":{"rendered":"Services"},"content":{"rendered":"\n<section class=\"services-block\">\n    <div class=\"services container\">\n                                <div class=\"service row mb-lg-56 mb-68 gx-lg-148 align-items-center\" data-anchor=\"tootearendus\">\n                <div class=\"text col col-md-6 col-12\">\n                    <div class=\"text-wrapper\">\n                        <h2>Product development<\/h2>\n\n                        <p>We offer product development services to all companies that wish to develop wood based products. Additionally, we provide consulting to student companies in the process of product development and prototyping.<\/p>\n                        \n                                                    <a class=\"link arrowed-link d-flex align-items-center justify-content-start fw-medium m-16\" href=\"https:\/\/tsenter.ee\/en\/services\/services-2\/product-development\/\" target=\"_self\">\n                                View more                            <\/a>\n                                            <\/div>\n                <\/div>\n                <div class=\"image col col-md-6 col-12 mb-md-0 mb-24\">\n                    <div class=\"image-wrap border-r-10 overflow-hidden fade-in-up\">\n                        <img loading=\"lazy\" decoding=\"async\" src=\"https:\/\/tsenter.ee\/wp-content\/uploads\/2024\/10\/Teenused-Tootearendus-scaled-e1730204454325.jpg\" width=\"2560\" height=\"1707\" alt=\"\" \/>\n                    <\/div>\n                <\/div>\n            <\/div>\n                                <div class=\"service row mb-lg-56 mb-68 gx-lg-148 align-items-center flex-row-reverse\" data-anchor=\"Tootmislahendused\">\n                <div class=\"text col col-md-6 col-12\">\n                    <div class=\"text-wrapper\">\n                        <h2>Production solutions<\/h2>\n\n                        <p>Companies can receive support from us in developing and testing automation and robotics solutions for production, finding the appropriate organizational method for this. We offer production solutions services to small or medium-sized enterprises engaged in batch production, aiming to make their production more efficient.<\/p>\n                        \n                                                    <a class=\"link arrowed-link d-flex align-items-center justify-content-start fw-medium m-16\" href=\"https:\/\/tsenter.ee\/en\/services\/services-2\/production-solutions\" target=\"_self\">\n                                View more                            <\/a>\n                                            <\/div>\n                <\/div>\n                <div class=\"image col col-md-6 col-12 mb-md-0 mb-24\">\n                    <div class=\"image-wrap border-r-10 overflow-hidden fade-in-up\">\n                        <img loading=\"lazy\" decoding=\"async\" src=\"https:\/\/tsenter.ee\/wp-content\/uploads\/2024\/10\/Teenused-Tootmislahendused-scaled.jpg\" width=\"2560\" height=\"1707\" alt=\"\" \/>\n                    <\/div>\n                <\/div>\n            <\/div>\n                                <div class=\"service row mb-lg-56 mb-68 gx-lg-148 align-items-center\" data-anchor=\"koolitused\">\n                <div class=\"text col col-md-6 col-12\">\n                    <div class=\"text-wrapper\">\n                        <h2>Training courses<\/h2>\n\n                        <p>Korraldame koolitusi vastavalt teie ettev\u00f5tte vajadustele ja eesm\u00e4rkidele masinate ja seadmete valdkonnast kuni tootlikkuse parendamise ja m\u00fc\u00fcgiprotsessideni.<\/p>\n                        \n                                                    <a class=\"link arrowed-link d-flex align-items-center justify-content-start fw-medium m-16\" href=\"https:\/\/tsenter.ee\/en\/services\/price-list\/\" target=\"_self\">\n                                View more                            <\/a>\n                                            <\/div>\n                <\/div>\n                <div class=\"image col col-md-6 col-12 mb-md-0 mb-24\">\n                    <div class=\"image-wrap border-r-10 overflow-hidden fade-in-up\">\n                        <img loading=\"lazy\" decoding=\"async\" src=\"https:\/\/tsenter.ee\/wp-content\/uploads\/2024\/10\/Teenused-Koolitused.jpg\" width=\"1714\" height=\"1143\" alt=\"\" \/>\n                    <\/div>\n                <\/div>\n            <\/div>\n                                <div class=\"service row mb-lg-56 mb-68 gx-lg-148 align-items-center flex-row-reverse\" data-anchor=\"teenust\u00f6\u00f6d \">\n                <div class=\"text col col-md-6 col-12\">\n                    <div class=\"text-wrapper\">\n                        <h2>Services<\/h2>\n\n                        <p>You can order a variety of services from us, ranging from creating drawings and 3D models to surface printing and CNC milling. We offer consulting in the field of wood and furniture, which includes consultations, practical guidance, and solutions to various problems.<\/p>\n                        \n                                                    <a class=\"link arrowed-link d-flex align-items-center justify-content-start fw-medium m-16\" href=\"https:\/\/tsenter.ee\/en\/services\/price-list\/\" target=\"_self\">\n                                View more                            <\/a>\n                                            <\/div>\n                <\/div>\n                <div class=\"image col col-md-6 col-12 mb-md-0 mb-24\">\n                    <div class=\"image-wrap border-r-10 overflow-hidden fade-in-up\">\n                        <img loading=\"lazy\" decoding=\"async\" src=\"https:\/\/tsenter.ee\/wp-content\/uploads\/2024\/10\/Teenused-Teenustood-scaled.jpg\" width=\"2560\" height=\"1707\" alt=\"\" \/>\n                    <\/div>\n                <\/div>\n            <\/div>\n                                <div class=\"service row mb-lg-56 mb-68 gx-lg-148 align-items-center\" data-anchor=\"ruumide-kasutus\">\n                <div class=\"text col col-md-6 col-12\">\n                    <div class=\"text-wrapper\">\n                        <h2>Room rent<\/h2>\n\n                        <p>You can organize meetings and training sessions for up to 50 people with us. Access for people with mobility impairments is ensured.<\/p>\n<p>We also offer a photo studio service. You can come to photograph both smaller and larger objects, either by ordering a full service from us or by bringing your own photographer.<\/p>\n                        \n                                                    <a class=\"link arrowed-link d-flex align-items-center justify-content-start fw-medium m-16\" href=\"https:\/\/tsenter.ee\/en\/services\/price-list\/#room-rent\" target=\"_self\">\n                                View price list                            <\/a>\n                                            <\/div>\n                <\/div>\n                <div class=\"image col col-md-6 col-12 mb-md-0 mb-24\">\n                    <div class=\"image-wrap border-r-10 overflow-hidden fade-in-up\">\n                        <img loading=\"lazy\" decoding=\"async\" src=\"https:\/\/tsenter.ee\/wp-content\/uploads\/2024\/10\/Teenused-Ruumide-kasutus-scaled.jpg\" width=\"2560\" height=\"1706\" alt=\"\" \/>\n                    <\/div>\n                <\/div>\n            <\/div>\n            <\/div>\n<\/section>","protected":false},"excerpt":{"rendered":"","protected":false},"author":2,"featured_media":0,"parent":5838,"menu_order":0,"comment_status":"closed","ping_status":"closed","template":"page-templates\/products-and-services.php","meta":{"_acf_changed":false,"footnotes":""},"class_list":["post-5840","page","type-page","status-publish","hentry"],"acf":[],"_links":{"self":[{"href":"https:\/\/tsenter.ee\/en\/wp-json\/wp\/v2\/pages\/5840","targetHints":{"allow":["GET"]}}],"collection":[{"href":"https:\/\/tsenter.ee\/en\/wp-json\/wp\/v2\/pages"}],"about":[{"href":"https:\/\/tsenter.ee\/en\/wp-json\/wp\/v2\/types\/page"}],"author":[{"embeddable":true,"href":"https:\/\/tsenter.ee\/en\/wp-json\/wp\/v2\/users\/2"}],"replies":[{"embeddable":true,"href":"https:\/\/tsenter.ee\/en\/wp-json\/wp\/v2\/comments?post=5840"}],"version-history":[{"count":2,"href":"https:\/\/tsenter.ee\/en\/wp-json\/wp\/v2\/pages\/5840\/revisions"}],"predecessor-version":[{"id":6234,"href":"https:\/\/tsenter.ee\/en\/wp-json\/wp\/v2\/pages\/5840\/revisions\/6234"}],"up":[{"embeddable":true,"href":"https:\/\/tsenter.ee\/en\/wp-json\/wp\/v2\/pages\/5838"}],"wp:attachment":[{"href":"https:\/\/tsenter.ee\/en\/wp-json\/wp\/v2\/media?parent=5840"}],"curies":[{"name":"wp","href":"https:\/\/api.w.org\/{rel}","templated":true}]}}